{"id":790,"date":"2016-01-06T21:37:01","date_gmt":"2016-01-06T20:37:01","guid":{"rendered":"http:\/\/dps2i.com\/mobile\/?page_id=790"},"modified":"2016-01-06T21:40:32","modified_gmt":"2016-01-06T20:40:32","slug":"estimation-de-votre-appareil","status":"publish","type":"page","link":"https:\/\/dps2i.com\/mobile\/estimation-de-votre-appareil\/","title":{"rendered":"Estimation de votre appareil"},"content":{"rendered":"<div id=\"pl-790\"  class=\"panel-layout\" ><div id=\"pg-790-0\"  class=\"panel-grid panel-no-style\" ><div id=\"pgc-790-0-0\"  class=\"panel-grid-cell\" ><div id=\"panel-790-0-0-0\" class=\"so-panel widget panel-first-child panel-last-child\" data-index=\"0\" ><\/div><\/div><\/div><div id=\"pg-790-1\"  class=\"panel-grid panel-no-style\" ><div id=\"pgc-790-1-0\"  class=\"panel-grid-cell panel-grid-cell-empty panel-grid-cell-mobile-last\" ><\/div><div id=\"pgc-790-1-1\"  class=\"panel-grid-cell panel-grid-cell-empty\" ><\/div><\/div><div id=\"pg-790-2\"  class=\"panel-grid panel-no-style\" ><div id=\"pgc-790-2-0\"  class=\"panel-grid-cell panel-grid-cell-empty panel-grid-cell-mobile-last\" ><\/div><div id=\"pgc-790-2-1\"  class=\"panel-grid-cell panel-grid-cell-empty\" ><\/div><\/div><\/div>","protected":false},"excerpt":{"rendered":"<p>Cette rubrique sera bient\u00f4t disponible! N&rsquo;h\u00e9sitez pas \u00e0 revenir voir o\u00f9 nous en sommes!<\/p>\n","protected":false},"author":2,"featured_media":0,"parent":0,"menu_order":0,"comment_status":"closed","ping_status":"closed","template":"","meta":{"_acf_changed":false,"footnotes":""},"class_list":["post-790","page","type-page","status-publish","hentry"],"acf":[],"aioseo_notices":[],"_links":{"self":[{"href":"https:\/\/dps2i.com\/mobile\/wp-json\/wp\/v2\/pages\/790","targetHints":{"allow":["GET"]}}],"collection":[{"href":"https:\/\/dps2i.com\/mobile\/wp-json\/wp\/v2\/pages"}],"about":[{"href":"https:\/\/dps2i.com\/mobile\/wp-json\/wp\/v2\/types\/page"}],"author":[{"embeddable":true,"href":"https:\/\/dps2i.com\/mobile\/wp-json\/wp\/v2\/users\/2"}],"replies":[{"embeddable":true,"href":"https:\/\/dps2i.com\/mobile\/wp-json\/wp\/v2\/comments?post=790"}],"version-history":[{"count":3,"href":"https:\/\/dps2i.com\/mobile\/wp-json\/wp\/v2\/pages\/790\/revisions"}],"predecessor-version":[{"id":794,"href":"https:\/\/dps2i.com\/mobile\/wp-json\/wp\/v2\/pages\/790\/revisions\/794"}],"wp:attachment":[{"href":"https:\/\/dps2i.com\/mobile\/wp-json\/wp\/v2\/media?parent=790"}],"curies":[{"name":"wp","href":"https:\/\/api.w.org\/{rel}","templated":true}]}}