{"id":209,"date":"2015-09-02T12:01:47","date_gmt":"2015-09-02T12:01:47","guid":{"rendered":"http:\/\/xml-io.proteusthemes.com\/repairpress\/?page_id=209"},"modified":"2016-01-10T15:10:36","modified_gmt":"2016-01-10T14:10:36","slug":"magasin","status":"publish","type":"page","link":"https:\/\/dps2i.com\/mobile\/prestations\/magasin\/","title":{"rendered":"Ventes"},"content":{"rendered":"<div id=\"pl-209\"  class=\"panel-layout\" ><div id=\"pg-209-0\"  class=\"panel-grid panel-no-style\" ><div id=\"pgc-209-0-0\"  class=\"panel-grid-cell\" ><div id=\"panel-209-0-0-0\" class=\"so-panel widget widget_black-studio-tinymce widget_black_studio_tinymce panel-first-child panel-last-child\" data-index=\"0\" ><h3 class=\"widget-title\"><span class=\"widget-title__inline\">Ventes d&rsquo;appareils et accessoires<\/span><\/h3><div class=\"textwidget\"><p>Notre exp\u00e9rience dans la r\u00e9paration des smartphones et tablettes nous a permit d'enrichir une base de connaissances sur ces appareils. De ce fait nous sommes capable de vous orienter dans le choix d'un smartphone et de vous proposer l'appareil qui vous conviendra le mieux et au meilleur prix.<\/p>\n<p>Tous les smartphones que nous commercialisons sont libres d'op\u00e9rateurs. Ils sont s\u00e9lectionn\u00e9s pour leur performance, leur fiabilit\u00e9 et leur r\u00e9parabilit\u00e9. Nous ne sommes pas de ceux qui pensent qu'il faut changer son t\u00e9l\u00e9phone ou sa tablette tous les ans et c'est pour cela que notre choix sera toujours r\u00e9fl\u00e9chie.<\/p>\n<p>Nous proposons aussi tout les accessoires n\u00e9cessaire au bon fonctionnement des smartphones et tablettes. Que ce soit pour un chargeur, une housse de protection ou une batterie nous veillerons toujours \u00e0 vous proposer le meilleur produit. Et si nous n'avons pas en stock l'article qui vous convient nous le commandons !<\/p>\n<p>Ne perdez plus un instant et rendez vous dans <a href=\"http:\/\/dps2i.com\/mobile\/contact\/\">votre magasin \u00e0 Rambouillet !<\/a><\/p>\n<p>&nbsp;<br \/>\n<a class=\"btn    btn-default\" href=\"http:\/\/dps2i.com\/mobile\/contact\/\" target=\"_self\">Nous contacter<\/a><\/p>\n<\/div><\/div><\/div><div id=\"pgc-209-0-1\"  class=\"panel-grid-cell\" ><div id=\"panel-209-0-1-0\" class=\"so-panel widget widget_black-studio-tinymce widget_black_studio_tinymce panel-first-child panel-last-child\" data-index=\"1\" ><div class=\"textwidget\"><\/div><\/div><\/div><\/div><\/div>","protected":false},"excerpt":{"rendered":"<p>Nous sommes capable de vous orienter dans le choix d&rsquo;un smartphone et de vous proposer le meilleur appareil au meilleur prix..<\/p>\n","protected":false},"author":2,"featured_media":0,"parent":5,"menu_order":0,"comment_status":"closed","ping_status":"closed","template":"","meta":{"_acf_changed":false,"footnotes":""},"class_list":["post-209","page","type-page","status-publish","hentry"],"acf":[],"aioseo_notices":[],"_links":{"self":[{"href":"https:\/\/dps2i.com\/mobile\/wp-json\/wp\/v2\/pages\/209","targetHints":{"allow":["GET"]}}],"collection":[{"href":"https:\/\/dps2i.com\/mobile\/wp-json\/wp\/v2\/pages"}],"about":[{"href":"https:\/\/dps2i.com\/mobile\/wp-json\/wp\/v2\/types\/page"}],"author":[{"embeddable":true,"href":"https:\/\/dps2i.com\/mobile\/wp-json\/wp\/v2\/users\/2"}],"replies":[{"embeddable":true,"href":"https:\/\/dps2i.com\/mobile\/wp-json\/wp\/v2\/comments?post=209"}],"version-history":[{"count":9,"href":"https:\/\/dps2i.com\/mobile\/wp-json\/wp\/v2\/pages\/209\/revisions"}],"predecessor-version":[{"id":832,"href":"https:\/\/dps2i.com\/mobile\/wp-json\/wp\/v2\/pages\/209\/revisions\/832"}],"up":[{"embeddable":true,"href":"https:\/\/dps2i.com\/mobile\/wp-json\/wp\/v2\/pages\/5"}],"wp:attachment":[{"href":"https:\/\/dps2i.com\/mobile\/wp-json\/wp\/v2\/media?parent=209"}],"curies":[{"name":"wp","href":"https:\/\/api.w.org\/{rel}","templated":true}]}}