{"id":503,"date":"2015-08-27T11:33:05","date_gmt":"2015-08-27T11:33:05","guid":{"rendered":"http:\/\/demo.proteusthemes.com\/repairpress\/?page_id=13"},"modified":"2023-04-06T16:04:18","modified_gmt":"2023-04-06T15:04:18","slug":"contact","status":"publish","type":"page","link":"http:\/\/dps2i.com\/mobile\/contact\/","title":{"rendered":"Contact"},"content":{"rendered":"<div id=\"pl-503\"  class=\"panel-layout\" ><div id=\"pg-503-0\"  class=\"panel-grid panel-no-style\" ><div id=\"pgc-503-0-0\"  class=\"panel-grid-cell\" ><div id=\"panel-503-0-0-0\" class=\"so-panel widget widget_black-studio-tinymce widget_black_studio_tinymce panel-first-child panel-last-child\" data-index=\"0\" ><div class=\"panel-widget-style panel-widget-style-for-503-0-0-0\" ><h3 class=\"widget-title\"><span class=\"widget-title__inline\">Qui sommes nous ?<\/span><\/h3><div class=\"textwidget\"><p>Apr\u00e8s plus de <a href=\"http:\/\/www.dps2i.com\/a-propos\/\" target=\"_blank\">20 ans dans l'informatique DPS2i<\/a> poursuit l'accompagnement de ses clients en proposant la vente de produits mobiles ainsi que des prestations de r\u00e9parations de ces appareils. <span class=\"text_exposed_show\">DPS2i vous pr\u00e9sente toute une gamme de produits et services dans notre magasin informatique situ\u00e9 \u00e0 Rambouillet. Implant\u00e9 tout pr\u00e8s de la gare, nous disposons d'un atelier et de techniciens disponibles \u00e0 tout moment pour r\u00e9soudre votre probl\u00e8me. Et si vous ne pouvez pas vous d\u00e9placer nous vous invitons \u00e0 d\u00e9couvrir notre magasin en ligne <a href=\"http:\/\/dps2i.com\/store\" target=\"_blank\">DPS2i Store<\/a>.<br \/><\/span><\/p>\n<\/div><\/div><\/div><\/div><\/div><div id=\"pg-503-1\"  class=\"panel-grid panel-no-style\" ><div id=\"pgc-503-1-0\"  class=\"panel-grid-cell panel-grid-cell-empty panel-grid-cell-mobile-last\" ><\/div><div id=\"pgc-503-1-1\"  class=\"panel-grid-cell panel-grid-cell-empty\" ><\/div><\/div><div id=\"pg-503-2\"  class=\"panel-grid panel-no-style\" ><div id=\"pgc-503-2-0\"  class=\"panel-grid-cell\" ><div id=\"panel-503-2-0-0\" class=\"so-panel widget widget_black-studio-tinymce widget_black_studio_tinymce panel-first-child\" data-index=\"1\" ><div class=\"panel-widget-style panel-widget-style-for-503-2-0-0\" ><h3 class=\"widget-title\"><span class=\"widget-title__inline\">Nos coordonn\u00e9es<\/span><\/h3><div class=\"textwidget\"><\/div><\/div><\/div><div id=\"panel-503-2-0-1\" class=\"so-panel widget widget_black-studio-tinymce widget_black_studio_tinymce panel-last-child\" data-index=\"2\" ><div class=\"featured-widget panel-widget-style panel-widget-style-for-503-2-0-1\" ><div class=\"textwidget\"><p><strong><span class=\"icon-container\"><span class=\"fa fa-map-marker\" style=\"color:#a3be39;\"><\/span><\/span> DPS2i informatique.<\/strong><br \/>\n&nbsp; &nbsp; &nbsp; &nbsp; 11 rue Raymond Paten\u00f4tre<br \/>\n&nbsp; &nbsp; &nbsp; &nbsp; 78120 Rambouillet<\/p>\n<hr \/>\n<p><span class=\"icon-container\"><span class=\"fa fa-phone\" style=\"color:#a3be39;\"><\/span><\/span> 01 34 85 52 52<\/p>\n<hr \/>\n<p><span class=\"icon-container\"><span class=\"fa fa-envelope\" style=\"color:#a3be39;\"><\/span><\/span> contact@dps2i.com<\/p>\n<hr \/>\n<p><span class=\"icon-container\"><span class=\"fa fa-globe\" style=\"color:#a3be39;\"><\/span><\/span> www.dps2i.com\/mobile<\/p>\n<\/div><\/div><\/div><\/div><div id=\"pgc-503-2-1\"  class=\"panel-grid-cell\" ><div id=\"panel-503-2-1-0\" class=\"so-panel widget widget_text panel-first-child panel-last-child\" data-index=\"3\" ><h3 class=\"widget-title\"><span class=\"widget-title__inline\">Nous \u00e9crire un message<\/span><\/h3>\t\t\t<div class=\"textwidget\">\n<div class=\"wpcf7 no-js\" id=\"wpcf7-f575-o1\" lang=\"en-US\" dir=\"ltr\" data-wpcf7-id=\"575\">\n<div class=\"screen-reader-response\"><p role=\"status\" aria-live=\"polite\" aria-atomic=\"true\"><\/p> <ul><\/ul><\/div>\n<form action=\"\/mobile\/wp-json\/wp\/v2\/pages\/503#wpcf7-f575-o1\" method=\"post\" class=\"wpcf7-form init\" aria-label=\"Contact form\" novalidate=\"novalidate\" data-status=\"init\">\n<div style=\"display: none;\">\n<input type=\"hidden\" name=\"_wpcf7\" value=\"575\" \/>\n<input type=\"hidden\" name=\"_wpcf7_version\" value=\"6.0.3\" \/>\n<input type=\"hidden\" name=\"_wpcf7_locale\" value=\"en_US\" \/>\n<input type=\"hidden\" name=\"_wpcf7_unit_tag\" value=\"wpcf7-f575-o1\" \/>\n<input type=\"hidden\" name=\"_wpcf7_container_post\" value=\"0\" \/>\n<input type=\"hidden\" name=\"_wpcf7_posted_data_hash\" value=\"\" \/>\n<input type=\"hidden\" name=\"_wpcf7_recaptcha_response\" value=\"\" \/>\n<\/div>\n<div class=\"row\">\n\t<div class=\"col-xs-12  col-md-4\">\n\t\t<p><span class=\"wpcf7-form-control-wrap\" data-name=\"your-name\"><input size=\"40\" maxlength=\"400\" class=\"wpcf7-form-control wpcf7-text wpcf7-validates-as-required\" aria-required=\"true\" aria-invalid=\"false\" placeholder=\"Nom*\" value=\"\" type=\"text\" name=\"your-name\" \/><\/span><br \/>\n<span class=\"wpcf7-form-control-wrap\" data-name=\"last-name\"><input size=\"40\" maxlength=\"400\" class=\"wpcf7-form-control wpcf7-text wpcf7-validates-as-required\" aria-required=\"true\" aria-invalid=\"false\" placeholder=\"Pr\u00e9nom\" value=\"\" type=\"text\" name=\"last-name\" \/><\/span><br \/>\n<span class=\"wpcf7-form-control-wrap\" data-name=\"your-email\"><input size=\"40\" maxlength=\"400\" class=\"wpcf7-form-control wpcf7-email wpcf7-validates-as-required wpcf7-text wpcf7-validates-as-email\" aria-required=\"true\" aria-invalid=\"false\" placeholder=\"E-mail\" value=\"\" type=\"email\" name=\"your-email\" \/><\/span><br \/>\n<span class=\"wpcf7-form-control-wrap\" data-name=\"your-subject\"><input size=\"40\" maxlength=\"400\" class=\"wpcf7-form-control wpcf7-text\" aria-invalid=\"false\" placeholder=\"Sujet\" value=\"\" type=\"text\" name=\"your-subject\" \/><\/span>\n\t\t<\/p>\n\t<\/div>\n\t<div class=\"col-xs-12  col-md-8\">\n\t\t<p><span class=\"wpcf7-form-control-wrap\" data-name=\"your-message\"><textarea cols=\"40\" rows=\"10\" maxlength=\"2000\" class=\"wpcf7-form-control wpcf7-textarea\" aria-invalid=\"false\" placeholder=\"Votre message\" name=\"your-message\"><\/textarea><\/span>\n\t\t<\/p>\n\t\t<div class=\"wpcf7-notice\">\n\t\t\t<p>* Champs recquis\n\t\t\t<\/p>\n\t\t<\/div>\n\t\t<p><input class=\"wpcf7-form-control wpcf7-submit has-spinner btn btn-primary\" type=\"submit\" value=\"Envoyer le Message\" \/>\n\t\t<\/p>\n\t<\/div>\n<\/div><div class=\"wpcf7-response-output\" aria-hidden=\"true\"><\/div>\n<\/form>\n<\/div>\n<\/div>\n\t\t<\/div><\/div><\/div><div id=\"pg-503-3\"  class=\"panel-grid panel-no-style\" ><div id=\"pgc-503-3-0\"  class=\"panel-grid-cell\" ><div id=\"panel-503-3-0-0\" class=\"so-panel widget widget_black-studio-tinymce widget_black_studio_tinymce panel-first-child\" data-index=\"4\" ><div class=\"panel-widget-style panel-widget-style-for-503-3-0-0\" ><h3 class=\"widget-title\"><span class=\"widget-title__inline\">Nos heures d&rsquo;ouverture<\/span><\/h3><div class=\"textwidget\"><\/div><\/div><\/div><div id=\"panel-503-3-0-1\" class=\"so-panel widget widget_pw_opening_time opening-time panel-last-child\" data-index=\"5\" ><div class=\"featured-widget panel-widget-style panel-widget-style-for-503-3-0-1\" >\n\t<div class=\"time-table\">\n\n\t\t\n\t\t<div class=\"inner-bg\">\n\t\t\t\t\t\t\t<dl class=\"week-day  closed\">\n\t\t\t\t\t<dt>Lundi<\/dt>\n\t\t\t\t\t<dd>FERM\u00c9<\/dd>\n\t\t\t\t<\/dl>\n\t\t\t\t\t\t\t<dl class=\"week-day  light-bg\">\n\t\t\t\t\t<dt>Mardi<\/dt>\n\t\t\t\t\t<dd>De 10H \u00e0 12H30 et de 15H30 \u00e0 19H<\/dd>\n\t\t\t\t<\/dl>\n\t\t\t\t\t\t\t<dl class=\"week-day \">\n\t\t\t\t\t<dt>Mercredi<\/dt>\n\t\t\t\t\t<dd>De 10H \u00e0 12H30 et de 15H30 \u00e0 19H<\/dd>\n\t\t\t\t<\/dl>\n\t\t\t\t\t\t\t<dl class=\"week-day  light-bg today\">\n\t\t\t\t\t<dt>Jeudi<\/dt>\n\t\t\t\t\t<dd>De 10H \u00e0 12H30 et de 15H30 \u00e0 19H<\/dd>\n\t\t\t\t<\/dl>\n\t\t\t\t\t\t\t<dl class=\"week-day \">\n\t\t\t\t\t<dt>Vendredi<\/dt>\n\t\t\t\t\t<dd>De 10H \u00e0 12H30 et de 15H30 \u00e0 19H<\/dd>\n\t\t\t\t<\/dl>\n\t\t\t\t\t\t\t<dl class=\"week-day  light-bg\">\n\t\t\t\t\t<dt>Samedi<\/dt>\n\t\t\t\t\t<dd>De 10H \u00e0 12H et de 15H30 \u00e0 17H<\/dd>\n\t\t\t\t<\/dl>\n\t\t\t\t\t\t\t<dl class=\"week-day  closed\">\n\t\t\t\t\t<dt>Dimanche<\/dt>\n\t\t\t\t\t<dd>FERM\u00c9<\/dd>\n\t\t\t\t<\/dl>\n\t\t\t\t\t<\/div>\n\n\t\t\n\t<\/div>\n\n<\/div><\/div><\/div><div id=\"pgc-503-3-1\"  class=\"panel-grid-cell\" ><div id=\"panel-503-3-1-0\" class=\"so-panel widget widget_black-studio-tinymce widget_black_studio_tinymce panel-first-child\" data-index=\"6\" ><div class=\"panel-widget-style panel-widget-style-for-503-3-1-0\" ><h3 class=\"widget-title\"><span class=\"widget-title__inline\">O\u00f9 nous trouver<\/span><\/h3><div class=\"textwidget\"><\/div><\/div><\/div><div id=\"panel-503-3-1-1\" class=\"so-panel widget widget_pw_google_map panel-last-child\" data-index=\"7\" >\n\t<div\n\t\tclass=\"simple-map  js-where-we-are\"\n\t\tdata-latlng=\"48.642297,1.830374\"\n\t\tdata-markers=\"[{&quot;id&quot;:&quot;1&quot;,&quot;title&quot;:&quot;Rambouillet&quot;,&quot;locationlatlng&quot;:&quot;48.642056,1.830392&quot;,&quot;custompinimage&quot;:&quot;http:\\\/\\\/dps2i.com\\\/mobile\\\/wp-content\\\/uploads\\\/2015\\\/12\\\/pinMob.png&quot;}]\"\n\t\tdata-zoom=\"16\"\n\t\tdata-type=\"roadmap\"\n\t\tdata-style=\"[]\"\n\t\tstyle=\"height: 380px;\"\n\t><\/div>\n\n<\/div><\/div><\/div><\/div>","protected":false},"excerpt":{"rendered":"<p>Apr\u00e8s plus de 20 ans dans l&rsquo;informatique DPS2i poursuit l&rsquo;accompagnement de ses clients en proposant la vente de produits mobiles ainsi que des prestations de r\u00e9parations de ces appareils. DPS2i vous pr\u00e9sente toute une gamme de produits et services dans notre magasin informatique situ\u00e9 \u00e0 Rambouillet. Implant\u00e9 tout pr\u00e8s de la gare, nous disposons d&rsquo;un &hellip;<\/p>\n","protected":false},"author":2,"featured_media":0,"parent":0,"menu_order":0,"comment_status":"closed","ping_status":"closed","template":"","meta":{"_acf_changed":false,"footnotes":""},"class_list":["post-503","page","type-page","status-publish","hentry"],"acf":[],"aioseo_notices":[],"_links":{"self":[{"href":"http:\/\/dps2i.com\/mobile\/wp-json\/wp\/v2\/pages\/503","targetHints":{"allow":["GET"]}}],"collection":[{"href":"http:\/\/dps2i.com\/mobile\/wp-json\/wp\/v2\/pages"}],"about":[{"href":"http:\/\/dps2i.com\/mobile\/wp-json\/wp\/v2\/types\/page"}],"author":[{"embeddable":true,"href":"http:\/\/dps2i.com\/mobile\/wp-json\/wp\/v2\/users\/2"}],"replies":[{"embeddable":true,"href":"http:\/\/dps2i.com\/mobile\/wp-json\/wp\/v2\/comments?post=503"}],"version-history":[{"count":32,"href":"http:\/\/dps2i.com\/mobile\/wp-json\/wp\/v2\/pages\/503\/revisions"}],"predecessor-version":[{"id":667,"href":"http:\/\/dps2i.com\/mobile\/wp-json\/wp\/v2\/pages\/503\/revisions\/667"}],"wp:attachment":[{"href":"http:\/\/dps2i.com\/mobile\/wp-json\/wp\/v2\/media?parent=503"}],"curies":[{"name":"wp","href":"https:\/\/api.w.org\/{rel}","templated":true}]}}