{"id":206,"date":"2015-09-02T11:58:16","date_gmt":"2015-09-02T11:58:16","guid":{"rendered":"http:\/\/xml-io.proteusthemes.com\/repairpress\/?page_id=206"},"modified":"2016-01-10T15:12:34","modified_gmt":"2016-01-10T14:12:34","slug":"reparation-smartphone","status":"publish","type":"page","link":"http:\/\/dps2i.com\/mobile\/prestations\/reparation-smartphone\/","title":{"rendered":"R\u00e9paration de smartphone"},"content":{"rendered":"<div id=\"pl-206\"  class=\"panel-layout\" ><div id=\"pg-206-0\"  class=\"panel-grid panel-no-style\" ><div id=\"pgc-206-0-0\"  class=\"panel-grid-cell\" ><div id=\"panel-206-0-0-0\" class=\"so-panel widget widget_black-studio-tinymce widget_black_studio_tinymce panel-first-child panel-last-child\" data-index=\"0\" ><div class=\"textwidget\"><p>Les t\u00e9l\u00e9phones portables sont devenus indispensables dans nos vies. Nous pouvons maintenant surfer sur le Web, nous connecter sur les r\u00e9seaux sociaux ou simplement passer le temps avec quelques jeux. Mais alors que vous \u00e9tiez en train de lire un message, votre t\u00e9l\u00e9phone vous a gliss\u00e9 des mains et son \u00e9cran s'est bris\u00e9 en mille morceaux. Vous \u00eates alors envahit par un sentiment que seuls ceux qui sont pass\u00e9s par l\u00e0 connaissent.<\/p>\n<p>Si vous avez besoin de faire r\u00e9parer votre t\u00e9l\u00e9phone vous devez vous assurer qu'il soit confi\u00e9 \u00e0 de vrais professionnels. C'est pour cette raison que notre \u00e9quipe technique suit r\u00e9guli\u00e8rement des formations afin d'\u00eatre les meilleurs sp\u00e9cialistes en la mati\u00e8re. Du remplacement de la batterie au remplacement de l'\u00e9cran en passant par le connecteur de charge, la cam\u00e9ra, etc. Nous intervenons sur tous les composants de votre cher smartphone!<\/p>\n<p>Nous vous d\u00e9conseillons de tenter de le r\u00e9parer vous m\u00eame, \u00e0 moins que vous soyez outill\u00e9 et tr\u00e8s bon bricoleur, car la r\u00e9paration de la tentative de r\u00e9paration risque d'\u00eatre plus cher que la r\u00e9paration initiale... Rendez-vous dans votre <a href=\"http:\/\/dps2i.com\/mobile\/contact\/\">boutique \u00e0 Rambouillet<\/a> pour un devis !<\/p>\n<p><a class=\"btn    btn-default\" href=\"http:\/\/dps2i.com\/mobile\/contact\/\" target=\"_self\">Nous contacter<\/a><\/p>\n<\/div><\/div><\/div><div id=\"pgc-206-0-1\"  class=\"panel-grid-cell\" ><div id=\"panel-206-0-1-0\" class=\"so-panel widget widget_black-studio-tinymce widget_black_studio_tinymce panel-first-child panel-last-child\" data-index=\"1\" ><div class=\"textwidget\"><p><a href=\"http:\/\/dps2i.com\/mobile\/wp-content\/uploads\/2015\/09\/blog-28.jpg\"><img loading=\"lazy\" decoding=\"async\" class=\"alignnone wp-image-118 size-full\" src=\"http:\/\/dps2i.com\/mobile\/wp-content\/uploads\/2015\/09\/blog-28.jpg\" alt=\"blog (28)\" width=\"848\" height=\"480\" srcset=\"http:\/\/dps2i.com\/mobile\/wp-content\/uploads\/2015\/09\/blog-28.jpg 848w, http:\/\/dps2i.com\/mobile\/wp-content\/uploads\/2015\/09\/blog-28-300x170.jpg 300w, http:\/\/dps2i.com\/mobile\/wp-content\/uploads\/2015\/09\/blog-28-768x435.jpg 768w, http:\/\/dps2i.com\/mobile\/wp-content\/uploads\/2015\/09\/blog-28-360x204.jpg 360w\" sizes=\"auto, (max-width: 848px) 100vw, 848px\" \/><\/a><\/p>\n<p><a href=\"http:\/\/dps2i.com\/mobile\/wp-content\/uploads\/2015\/09\/blog-26.jpg\"><img loading=\"lazy\" decoding=\"async\" class=\"alignnone wp-image-121 size-full\" src=\"http:\/\/dps2i.com\/mobile\/wp-content\/uploads\/2015\/09\/blog-26.jpg\" alt=\"blog (26)\" width=\"848\" height=\"480\" srcset=\"http:\/\/dps2i.com\/mobile\/wp-content\/uploads\/2015\/09\/blog-26.jpg 848w, http:\/\/dps2i.com\/mobile\/wp-content\/uploads\/2015\/09\/blog-26-300x170.jpg 300w, http:\/\/dps2i.com\/mobile\/wp-content\/uploads\/2015\/09\/blog-26-768x435.jpg 768w, http:\/\/dps2i.com\/mobile\/wp-content\/uploads\/2015\/09\/blog-26-360x204.jpg 360w\" sizes=\"auto, (max-width: 848px) 100vw, 848px\" \/><\/a><\/p>\n<\/div><\/div><\/div><\/div><\/div>","protected":false},"excerpt":{"rendered":"<p>Les t\u00e9l\u00e9phones portables sont devenus indispensables dans nos vies. Nous pouvons maintenant surfer sur le Web, nous connecter sur les r\u00e9seaux sociaux ou simplement passer le temps &#8230;<\/p>\n","protected":false},"author":2,"featured_media":122,"parent":5,"menu_order":0,"comment_status":"closed","ping_status":"closed","template":"","meta":{"_acf_changed":false,"footnotes":""},"class_list":["post-206","page","type-page","status-publish","has-post-thumbnail","hentry"],"acf":[],"aioseo_notices":[],"_links":{"self":[{"href":"http:\/\/dps2i.com\/mobile\/wp-json\/wp\/v2\/pages\/206","targetHints":{"allow":["GET"]}}],"collection":[{"href":"http:\/\/dps2i.com\/mobile\/wp-json\/wp\/v2\/pages"}],"about":[{"href":"http:\/\/dps2i.com\/mobile\/wp-json\/wp\/v2\/types\/page"}],"author":[{"embeddable":true,"href":"http:\/\/dps2i.com\/mobile\/wp-json\/wp\/v2\/users\/2"}],"replies":[{"embeddable":true,"href":"http:\/\/dps2i.com\/mobile\/wp-json\/wp\/v2\/comments?post=206"}],"version-history":[{"count":10,"href":"http:\/\/dps2i.com\/mobile\/wp-json\/wp\/v2\/pages\/206\/revisions"}],"predecessor-version":[{"id":834,"href":"http:\/\/dps2i.com\/mobile\/wp-json\/wp\/v2\/pages\/206\/revisions\/834"}],"up":[{"embeddable":true,"href":"http:\/\/dps2i.com\/mobile\/wp-json\/wp\/v2\/pages\/5"}],"wp:featuredmedia":[{"embeddable":true,"href":"http:\/\/dps2i.com\/mobile\/wp-json\/wp\/v2\/media\/122"}],"wp:attachment":[{"href":"http:\/\/dps2i.com\/mobile\/wp-json\/wp\/v2\/media?parent=206"}],"curies":[{"name":"wp","href":"https:\/\/api.w.org\/{rel}","templated":true}]}}