{"id":198,"date":"2015-09-02T11:53:16","date_gmt":"2015-09-02T11:53:16","guid":{"rendered":"http:\/\/xml-io.proteusthemes.com\/repairpress\/?page_id=198"},"modified":"2016-01-10T15:11:57","modified_gmt":"2016-01-10T14:11:57","slug":"reparation-tablette","status":"publish","type":"page","link":"http:\/\/dps2i.com\/mobile\/prestations\/reparation-tablette\/","title":{"rendered":"R\u00e9paration de Tablette"},"content":{"rendered":"<div id=\"pl-198\"  class=\"panel-layout\" ><div id=\"pg-198-0\"  class=\"panel-grid panel-no-style\" ><div id=\"pgc-198-0-0\"  class=\"panel-grid-cell\" ><div id=\"panel-198-0-0-0\" class=\"so-panel widget widget_black-studio-tinymce widget_black_studio_tinymce panel-first-child panel-last-child\" data-index=\"0\" ><div class=\"textwidget\"><p>Les tablettes offrent plus de commodit\u00e9 \u00e0 leurs utilisateurs que ce que permettent les smartphones. Vous pouvez regarder des films en haute d\u00e9finition, lire des livres, cr\u00e9er des pr\u00e9sentations pour votre travail, discuter en ligne avec votre entourage, garder un \u0153il sur les r\u00e9seaux sociaux, etc. Il n'y a pas grand chose qu'une tablette ne permette pas de faire. Pour cette raison vous ne pouvez plus vous en passer alors si elle tombait en panne ou elle se cassait il faudrait pouvoir la r\u00e9parer rapidement.<\/p>\n<p>Que ce soit pour un \u00e9cran cass\u00e9, une batterie qui ne charge plus, un bouton qui ne fonctionne plus ou pire, votre tablette ne s'allume plus, etc. apportez l\u00e0! Nous sommes qualifi\u00e9s pour effectuer tous types de r\u00e9parations sur votre tablette ou smartphone et nous ferons tout pour que vous puissiez la r\u00e9cup\u00e9rer le plus rapidement possible et avec une r\u00e9paration au meilleur rapport qualit\u00e9\/prix.<\/p>\n<p>En \u00e9tant intransigeant sur la qualit\u00e9 des pi\u00e8ces de rechange nous nous assurons que la r\u00e9paration que nous effectuons est \u00e0 la hauteur des standards du fabricant. Nous ne rempla\u00e7ons que ce qui n\u00e9cessite vraiment de l'\u00eatre afin de de vous proposer la r\u00e9paration au meilleur co\u00fbt. Cependant si lors du d\u00e9montage nous pensons judicieux d'intervenir sur un autre composant nous vous le proposerons afin d'agir de fa\u00e7on pr\u00e9ventive et d'\u00e9conomiser un probable second d\u00e9montage.<\/p>\n<p>Nous intervenons sur toutes les marques de tablettes, notre seule limite est la non commercialisation de pi\u00e8ces d\u00e9tach\u00e9es et nous attirons votre attention sur ce point crucial du choix de votre tablette. Certaines marques ne sont pas du tout r\u00e9parables ou le sont \u00e0 des prix exorbitants. Pour votre prochain achat nous nous tenons \u00e0 votre disposition dans <a href=\"http:\/\/dps2i.com\/mobile\/contact\/\">votre magasin \u00e0 Rambouillet<\/a>.<\/p>\n<p><a class=\"btn    btn-default\" href=\"http:\/\/dps2i.com\/mobile\/contact\/\" target=\"_self\">Nous contacter<\/a><\/p>\n<\/div><\/div><\/div><div id=\"pgc-198-0-1\"  class=\"panel-grid-cell\" ><div id=\"panel-198-0-1-0\" class=\"so-panel widget widget_black-studio-tinymce widget_black_studio_tinymce panel-first-child panel-last-child\" data-index=\"1\" ><div class=\"textwidget\"><p><a href=\"http:\/\/dps2i.com\/mobile\/wp-content\/uploads\/2015\/09\/blog-14.jpg\"><img loading=\"lazy\" decoding=\"async\" class=\"alignnone wp-image-130 size-full\" src=\"http:\/\/dps2i.com\/mobile\/wp-content\/uploads\/2015\/09\/blog-14.jpg\" alt=\"blog (14)\" width=\"848\" height=\"480\" srcset=\"http:\/\/dps2i.com\/mobile\/wp-content\/uploads\/2015\/09\/blog-14.jpg 848w, http:\/\/dps2i.com\/mobile\/wp-content\/uploads\/2015\/09\/blog-14-300x170.jpg 300w, http:\/\/dps2i.com\/mobile\/wp-content\/uploads\/2015\/09\/blog-14-768x435.jpg 768w, http:\/\/dps2i.com\/mobile\/wp-content\/uploads\/2015\/09\/blog-14-360x204.jpg 360w\" sizes=\"auto, (max-width: 848px) 100vw, 848px\" \/><\/a><\/p>\n<p><a href=\"http:\/\/dps2i.com\/mobile\/wp-content\/uploads\/2015\/09\/blog-25.jpg\"><img loading=\"lazy\" decoding=\"async\" class=\"alignnone wp-image-120 size-full\" src=\"http:\/\/dps2i.com\/mobile\/wp-content\/uploads\/2015\/09\/blog-25.jpg\" alt=\"blog (25)\" width=\"848\" height=\"480\" srcset=\"http:\/\/dps2i.com\/mobile\/wp-content\/uploads\/2015\/09\/blog-25.jpg 848w, http:\/\/dps2i.com\/mobile\/wp-content\/uploads\/2015\/09\/blog-25-300x170.jpg 300w, http:\/\/dps2i.com\/mobile\/wp-content\/uploads\/2015\/09\/blog-25-768x435.jpg 768w, http:\/\/dps2i.com\/mobile\/wp-content\/uploads\/2015\/09\/blog-25-360x204.jpg 360w\" sizes=\"auto, (max-width: 848px) 100vw, 848px\" \/><\/a><\/p>\n<\/div><\/div><\/div><\/div><\/div>","protected":false},"excerpt":{"rendered":"<p>Les tablettes offrent plus de commodit\u00e9 \u00e0 leurs utilisateurs que ce que permettent les smartphones. Vous pouvez regarder des films en haute d\u00e9finition, lire des livres, cr\u00e9er des pr\u00e9sentations pour votre travail, discuter en ligne avec votre entourage, garder un \u0153il sur les r\u00e9seaux sociaux, etc. Il n&rsquo;y a pas grand chose qu&rsquo;une tablette ne &hellip;<\/p>\n","protected":false},"author":2,"featured_media":140,"parent":5,"menu_order":0,"comment_status":"closed","ping_status":"closed","template":"","meta":{"_acf_changed":false,"footnotes":""},"class_list":["post-198","page","type-page","status-publish","has-post-thumbnail","hentry"],"acf":[],"aioseo_notices":[],"_links":{"self":[{"href":"http:\/\/dps2i.com\/mobile\/wp-json\/wp\/v2\/pages\/198","targetHints":{"allow":["GET"]}}],"collection":[{"href":"http:\/\/dps2i.com\/mobile\/wp-json\/wp\/v2\/pages"}],"about":[{"href":"http:\/\/dps2i.com\/mobile\/wp-json\/wp\/v2\/types\/page"}],"author":[{"embeddable":true,"href":"http:\/\/dps2i.com\/mobile\/wp-json\/wp\/v2\/users\/2"}],"replies":[{"embeddable":true,"href":"http:\/\/dps2i.com\/mobile\/wp-json\/wp\/v2\/comments?post=198"}],"version-history":[{"count":6,"href":"http:\/\/dps2i.com\/mobile\/wp-json\/wp\/v2\/pages\/198\/revisions"}],"predecessor-version":[{"id":829,"href":"http:\/\/dps2i.com\/mobile\/wp-json\/wp\/v2\/pages\/198\/revisions\/829"}],"up":[{"embeddable":true,"href":"http:\/\/dps2i.com\/mobile\/wp-json\/wp\/v2\/pages\/5"}],"wp:featuredmedia":[{"embeddable":true,"href":"http:\/\/dps2i.com\/mobile\/wp-json\/wp\/v2\/media\/140"}],"wp:attachment":[{"href":"http:\/\/dps2i.com\/mobile\/wp-json\/wp\/v2\/media?parent=198"}],"curies":[{"name":"wp","href":"https:\/\/api.w.org\/{rel}","templated":true}]}}