{"id":190,"date":"2015-09-02T11:42:04","date_gmt":"2015-09-02T11:42:04","guid":{"rendered":"http:\/\/xml-io.proteusthemes.com\/repairpress\/?page_id=190"},"modified":"2016-01-10T15:12:55","modified_gmt":"2016-01-10T14:12:55","slug":"reparation-console","status":"publish","type":"page","link":"http:\/\/dps2i.com\/mobile\/prestations\/reparation-console\/","title":{"rendered":"R\u00e9paration de consoles"},"content":{"rendered":"<div id=\"pl-190\"  class=\"panel-layout\" ><div id=\"pg-190-0\"  class=\"panel-grid panel-no-style\" ><div id=\"pgc-190-0-0\"  class=\"panel-grid-cell\" ><div id=\"panel-190-0-0-0\" class=\"so-panel widget widget_black-studio-tinymce widget_black_studio_tinymce panel-first-child panel-last-child\" data-index=\"0\" ><div class=\"textwidget\"><p>Les consoles de jeux n'ont jamais \u00e9t\u00e9 aussi populaire. Que ce soit pour d\u00e9compresser apr\u00e8s une dure journ\u00e9e de travail, ou simplement pour passer du bon temps entre amis les consoles ont pris une place importante dans la vie des petits comme des grands utilisateurs. Que feriez vous si elle venait \u00e0 chuter ou \u00e0 tomber en panne ?<\/p>\n<p>Beaucoup vous diront que ces appareils ne sont pas r\u00e9parables ce qui n'est pas toujours vrai. Pour en avoir le c\u0153ur net contactez nous ou rendez vous dans <a href=\"http:\/\/dps2i.com\/mobile\/contact\/\">votre boutique \u00e0 Rambouillet<\/a> afin de diagnostiquer votre console et vous proposer un devis de r\u00e9paration.<\/p>\n<p>&nbsp;<br \/>\n<a class=\"btn    btn-default\" href=\"http:\/\/dps2i.com\/mobile\/contact\/\" target=\"_self\">Nous contacter<\/a><br \/>\n&nbsp;<\/p>\n<p>&nbsp;<\/p>\n<p>&nbsp;<\/p>\n<\/div><\/div><\/div><div id=\"pgc-190-0-1\"  class=\"panel-grid-cell\" ><div id=\"panel-190-0-1-0\" class=\"so-panel widget widget_black-studio-tinymce widget_black_studio_tinymce panel-first-child panel-last-child\" data-index=\"1\" ><div class=\"textwidget\"><p><img loading=\"lazy\" decoding=\"async\" class=\"alignnone wp-image-145 size-full\" src=\"http:\/\/dps2i.com\/mobile\/wp-content\/uploads\/2015\/09\/blog-5.jpg\" alt=\"blog (5)\" width=\"848\" height=\"480\" srcset=\"http:\/\/dps2i.com\/mobile\/wp-content\/uploads\/2015\/09\/blog-5.jpg 848w, http:\/\/dps2i.com\/mobile\/wp-content\/uploads\/2015\/09\/blog-5-300x170.jpg 300w, http:\/\/dps2i.com\/mobile\/wp-content\/uploads\/2015\/09\/blog-5-768x435.jpg 768w, http:\/\/dps2i.com\/mobile\/wp-content\/uploads\/2015\/09\/blog-5-360x204.jpg 360w\" sizes=\"auto, (max-width: 848px) 100vw, 848px\" \/><\/p>\n<p><a href=\"http:\/\/dps2i.com\/mobile\/wp-content\/uploads\/2015\/09\/blog-47.jpg\"><img loading=\"lazy\" decoding=\"async\" class=\"alignnone wp-image-195 size-full\" src=\"http:\/\/dps2i.com\/mobile\/wp-content\/uploads\/2015\/09\/blog-47.jpg\" alt=\"\" width=\"848\" height=\"480\" srcset=\"http:\/\/dps2i.com\/mobile\/wp-content\/uploads\/2015\/09\/blog-47.jpg 848w, http:\/\/dps2i.com\/mobile\/wp-content\/uploads\/2015\/09\/blog-47-300x170.jpg 300w, http:\/\/dps2i.com\/mobile\/wp-content\/uploads\/2015\/09\/blog-47-768x435.jpg 768w, http:\/\/dps2i.com\/mobile\/wp-content\/uploads\/2015\/09\/blog-47-360x204.jpg 360w\" sizes=\"auto, (max-width: 848px) 100vw, 848px\" \/><\/a><\/p>\n<\/div><\/div><\/div><\/div><\/div>","protected":false},"excerpt":{"rendered":"<p>Beaucoup vous diront que ces appareils ne sont pas r\u00e9parables ce qui n&rsquo;est pas toujours vrai&#8230;<\/p>\n","protected":false},"author":2,"featured_media":195,"parent":5,"menu_order":0,"comment_status":"closed","ping_status":"closed","template":"","meta":{"_acf_changed":false,"footnotes":""},"class_list":["post-190","page","type-page","status-publish","has-post-thumbnail","hentry"],"acf":[],"aioseo_notices":[],"_links":{"self":[{"href":"http:\/\/dps2i.com\/mobile\/wp-json\/wp\/v2\/pages\/190","targetHints":{"allow":["GET"]}}],"collection":[{"href":"http:\/\/dps2i.com\/mobile\/wp-json\/wp\/v2\/pages"}],"about":[{"href":"http:\/\/dps2i.com\/mobile\/wp-json\/wp\/v2\/types\/page"}],"author":[{"embeddable":true,"href":"http:\/\/dps2i.com\/mobile\/wp-json\/wp\/v2\/users\/2"}],"replies":[{"embeddable":true,"href":"http:\/\/dps2i.com\/mobile\/wp-json\/wp\/v2\/comments?post=190"}],"version-history":[{"count":8,"href":"http:\/\/dps2i.com\/mobile\/wp-json\/wp\/v2\/pages\/190\/revisions"}],"predecessor-version":[{"id":835,"href":"http:\/\/dps2i.com\/mobile\/wp-json\/wp\/v2\/pages\/190\/revisions\/835"}],"up":[{"embeddable":true,"href":"http:\/\/dps2i.com\/mobile\/wp-json\/wp\/v2\/pages\/5"}],"wp:featuredmedia":[{"embeddable":true,"href":"http:\/\/dps2i.com\/mobile\/wp-json\/wp\/v2\/media\/195"}],"wp:attachment":[{"href":"http:\/\/dps2i.com\/mobile\/wp-json\/wp\/v2\/media?parent=190"}],"curies":[{"name":"wp","href":"https:\/\/api.w.org\/{rel}","templated":true}]}}