{"id":187,"date":"2015-09-02T11:39:55","date_gmt":"2015-09-02T11:39:55","guid":{"rendered":"http:\/\/xml-io.proteusthemes.com\/repairpress\/?page_id=187"},"modified":"2016-01-10T21:37:52","modified_gmt":"2016-01-10T20:37:52","slug":"deblocage-telephone","status":"publish","type":"page","link":"http:\/\/dps2i.com\/mobile\/prestations\/deblocage-telephone\/","title":{"rendered":"D\u00e9blocage de t\u00e9l\u00e9phone"},"content":{"rendered":"<div id=\"pl-187\"  class=\"panel-layout\" ><div id=\"pg-187-0\"  class=\"panel-grid panel-no-style\" ><div id=\"pgc-187-0-0\"  class=\"panel-grid-cell\" ><div id=\"panel-187-0-0-0\" class=\"so-panel widget widget_black-studio-tinymce widget_black_studio_tinymce panel-first-child panel-last-child\" data-index=\"0\" ><div class=\"textwidget\"><p>De nombreuses soci\u00e9t\u00e9s de r\u00e9seaux mobiles verrouillent les smartphones et tablettes sur leurs r\u00e9seaux afin que vous ne puissiez pas utiliser l'appareil sur un r\u00e9seau concurrent. Dans certains cas les t\u00e9l\u00e9phones sont li\u00e9s \u00e0 une carte SIM sp\u00e9cifique ce qui fait que m\u00eame si vous souhaitez l'utiliser avec le m\u00eame op\u00e9rateur il faudra le d\u00e9simlocker.<\/p>\n<p>Le d\u00e9simlockage, mieux connu sous le nom de d\u00e9blocage est une op\u00e9ration qui ne peut-\u00eatre faite que par l'op\u00e9rateur initial ou un professionnel. Nous vous rappelons que la loi oblige l'op\u00e9rateur \u00e0 permettre le d\u00e9simlockage de votre appareil au bout de 3 mois et ce gratuitement, donc notre premier conseil est de contacter votre op\u00e9rateur si vous \u00eates le titulaire de la ligne li\u00e9e au t\u00e9l\u00e9phone et que vous le poss\u00e9dez depuis plus de 3 mois. Si vous ne r\u00e9pondez pas aux conditions cit\u00e9es pr\u00e9c\u00e9demment il ne vous reste qu'une solution : DPS2i Mobile !<\/p>\n<p>Contactez nous en ligne ou rendez vous dans <a href=\"http:\/\/dps2i.com\/mobile\/contact\/\">votre magasin \u00e0 Rambouillet<\/a> pour un devis.<\/p>\n<p>&nbsp;<br \/>\n<a class=\"btn    btn-default\" href=\"http:\/\/dps2i.com\/mobile\/contact\/\" target=\"_self\">Nous contacter<\/a><\/p>\n<\/div><\/div><\/div><div id=\"pgc-187-0-1\"  class=\"panel-grid-cell\" ><div id=\"panel-187-0-1-0\" class=\"so-panel widget widget_black-studio-tinymce widget_black_studio_tinymce panel-first-child panel-last-child\" data-index=\"1\" ><div class=\"textwidget\"><p><a href=\"http:\/\/dps2i.com\/mobile\/wp-content\/uploads\/2015\/09\/blog-11.jpg\"><img loading=\"lazy\" decoding=\"async\" class=\"alignnone wp-image-139 size-full\" src=\"http:\/\/dps2i.com\/mobile\/wp-content\/uploads\/2015\/09\/blog-11.jpg\" alt=\"blog (11)\" width=\"848\" height=\"480\" srcset=\"http:\/\/dps2i.com\/mobile\/wp-content\/uploads\/2015\/09\/blog-11.jpg 848w, http:\/\/dps2i.com\/mobile\/wp-content\/uploads\/2015\/09\/blog-11-300x170.jpg 300w, http:\/\/dps2i.com\/mobile\/wp-content\/uploads\/2015\/09\/blog-11-768x435.jpg 768w, http:\/\/dps2i.com\/mobile\/wp-content\/uploads\/2015\/09\/blog-11-360x204.jpg 360w\" sizes=\"auto, (max-width: 848px) 100vw, 848px\" \/><\/a><\/p>\n<\/div><\/div><\/div><\/div><\/div>","protected":false},"excerpt":{"rendered":"<p>De nombreuses soci\u00e9t\u00e9s de r\u00e9seaux mobiles verrouillent les smartphones et tablettes sur leurs r\u00e9seaux afin que vous ne puissiez pas utiliser l&rsquo;appareil sur un r\u00e9seau concurrent. Dans certains cas les t\u00e9l\u00e9phones sont li\u00e9s \u00e0 une carte SIM sp\u00e9cifique ce qui fait que m\u00eame si vous souhaitez l&rsquo;utiliser avec le m\u00eame op\u00e9rateur il faudra le d\u00e9simlocker. &hellip;<\/p>\n","protected":false},"author":2,"featured_media":139,"parent":5,"menu_order":0,"comment_status":"closed","ping_status":"closed","template":"","meta":{"_acf_changed":false,"footnotes":""},"class_list":["post-187","page","type-page","status-publish","has-post-thumbnail","hentry"],"acf":[],"aioseo_notices":[],"_links":{"self":[{"href":"http:\/\/dps2i.com\/mobile\/wp-json\/wp\/v2\/pages\/187","targetHints":{"allow":["GET"]}}],"collection":[{"href":"http:\/\/dps2i.com\/mobile\/wp-json\/wp\/v2\/pages"}],"about":[{"href":"http:\/\/dps2i.com\/mobile\/wp-json\/wp\/v2\/types\/page"}],"author":[{"embeddable":true,"href":"http:\/\/dps2i.com\/mobile\/wp-json\/wp\/v2\/users\/2"}],"replies":[{"embeddable":true,"href":"http:\/\/dps2i.com\/mobile\/wp-json\/wp\/v2\/comments?post=187"}],"version-history":[{"count":11,"href":"http:\/\/dps2i.com\/mobile\/wp-json\/wp\/v2\/pages\/187\/revisions"}],"predecessor-version":[{"id":839,"href":"http:\/\/dps2i.com\/mobile\/wp-json\/wp\/v2\/pages\/187\/revisions\/839"}],"up":[{"embeddable":true,"href":"http:\/\/dps2i.com\/mobile\/wp-json\/wp\/v2\/pages\/5"}],"wp:featuredmedia":[{"embeddable":true,"href":"http:\/\/dps2i.com\/mobile\/wp-json\/wp\/v2\/media\/139"}],"wp:attachment":[{"href":"http:\/\/dps2i.com\/mobile\/wp-json\/wp\/v2\/media?parent=187"}],"curies":[{"name":"wp","href":"https:\/\/api.w.org\/{rel}","templated":true}]}}