{"id":177,"date":"2015-09-02T11:29:38","date_gmt":"2015-09-02T11:29:38","guid":{"rendered":"http:\/\/xml-io.proteusthemes.com\/repairpress\/?page_id=177"},"modified":"2016-01-10T15:11:33","modified_gmt":"2016-01-10T14:11:33","slug":"reparation-telephone-plongeur","status":"publish","type":"page","link":"http:\/\/dps2i.com\/mobile\/prestations\/reparation-telephone-plongeur\/","title":{"rendered":"R\u00e9paration de t\u00e9l\u00e9phone plongeur"},"content":{"rendered":"<div id=\"pl-177\"  class=\"panel-layout\" ><div id=\"pg-177-0\"  class=\"panel-grid panel-no-style\" ><div id=\"pgc-177-0-0\"  class=\"panel-grid-cell\" ><div id=\"panel-177-0-0-0\" class=\"so-panel widget widget_black-studio-tinymce widget_black_studio_tinymce panel-first-child panel-last-child\" data-index=\"0\" ><div class=\"textwidget\"><p>Que votre t\u00e9l\u00e9phone ait fait le grand saut dans les toilettes, ou que votre enfant ait renvers\u00e9 de l'eau dessus la seule option est de rapidement intervenir avant qu'il ne soit trop tard. Les d\u00e9g\u00e2ts que peut causer l'immersion d'un appareil \u00e9lectronique sur les circuits internes peuvent rendre certaines fonctions de votre appareil inutilisables ou pire encore, ils peuvent mener votre appareil \u00e0 sa fin. Dans certains cas vous pourrez vous d\u00e9panner tout seul avec quelques astuces que nous allons vous livrer.<\/p>\n<p>Dans tous les cas la premi\u00e8re chose \u00e0 faire est d'\u00e9teindre votre appareil et de retirer, si cela est possible, la batterie ainsi que les cartes pr\u00e9sentes. Veillez \u00e0 bien essuyez toutes ce qui est accessible et mettez votre appareil dans un bol ou un sachet de riz durant au moins une dizaine d'heure. Changez r\u00e9guli\u00e8rement l\u2019appareil de position afin de s'assurer de l'\u00e9coulement de l'eau pr\u00e9sente. Surtout ne jamais utiliser de s\u00e8che-cheveu. Apr\u00e8s 24 heures v\u00e9rifiez qu'il soit bien sec, si vous visualiser l'int\u00e9rieur de t\u00e9l\u00e9phone v\u00e9rifier qu'il n'y ait pas de traces d'oxydation (traces blanche ressemblant \u00e0 des r\u00e9sidus calcaires). Si tout est correcte vous pouvez tenter de le rallumer dans le cas contraire ou si il ne s'allumait toujours pas il ne vous restera plus qu'\u00e0 l'apporter dans <a href=\"http:\/\/dps2i.com\/mobile\/contact\/\">votre magasin de Rambouillet<\/a> afin que l'on fasse un diagnostic de r\u00e9paration ou de r\u00e9cup\u00e9ration de vos donn\u00e9es importantes.<\/p>\n<p><a class=\"btn    btn-default\" href=\"http:\/\/dps2i.com\/mobile\/contact\/\" target=\"_self\">Nous contacter<\/a><\/p>\n<\/div><\/div><\/div><div id=\"pgc-177-0-1\"  class=\"panel-grid-cell\" ><div id=\"panel-177-0-1-0\" class=\"so-panel widget widget_black-studio-tinymce widget_black_studio_tinymce panel-first-child panel-last-child\" data-index=\"1\" ><div class=\"textwidget\"><p><a href=\"http:\/\/dps2i.com\/mobile\/wp-content\/uploads\/2015\/09\/blog-18.jpg\"><img loading=\"lazy\" decoding=\"async\" class=\"alignnone wp-image-134 size-full\" src=\"http:\/\/dps2i.com\/mobile\/wp-content\/uploads\/2015\/09\/blog-18.jpg\" alt=\"blog (18)\" width=\"848\" height=\"480\" srcset=\"http:\/\/dps2i.com\/mobile\/wp-content\/uploads\/2015\/09\/blog-18.jpg 848w, http:\/\/dps2i.com\/mobile\/wp-content\/uploads\/2015\/09\/blog-18-300x170.jpg 300w, http:\/\/dps2i.com\/mobile\/wp-content\/uploads\/2015\/09\/blog-18-768x435.jpg 768w, http:\/\/dps2i.com\/mobile\/wp-content\/uploads\/2015\/09\/blog-18-360x204.jpg 360w\" sizes=\"auto, (max-width: 848px) 100vw, 848px\" \/><\/a><\/p>\n<p><a href=\"http:\/\/dps2i.com\/mobile\/wp-content\/uploads\/2015\/09\/blog-29.jpg\"><img loading=\"lazy\" decoding=\"async\" class=\"alignnone wp-image-117 size-full\" src=\"http:\/\/dps2i.com\/mobile\/wp-content\/uploads\/2015\/09\/blog-29.jpg\" alt=\"blog (29)\" width=\"848\" height=\"480\" srcset=\"http:\/\/dps2i.com\/mobile\/wp-content\/uploads\/2015\/09\/blog-29.jpg 848w, http:\/\/dps2i.com\/mobile\/wp-content\/uploads\/2015\/09\/blog-29-300x170.jpg 300w, http:\/\/dps2i.com\/mobile\/wp-content\/uploads\/2015\/09\/blog-29-768x435.jpg 768w, http:\/\/dps2i.com\/mobile\/wp-content\/uploads\/2015\/09\/blog-29-360x204.jpg 360w\" sizes=\"auto, (max-width: 848px) 100vw, 848px\" \/><\/a><\/p>\n<\/div><\/div><\/div><\/div><\/div>","protected":false},"excerpt":{"rendered":"<p>Que votre t\u00e9l\u00e9phone ait fait le grand saut dans les toilettes, ou que votre enfant ait renvers\u00e9 de l&rsquo;eau dessus la seule option est de rapidement intervenir avant qu&rsquo;il ne soit trop tard. Les d\u00e9g\u00e2ts que peut causer l&rsquo;immersion d&rsquo;un appareil \u00e9lectronique sur les circuits internes peuvent rendre certaines fonctions de votre appareil inutilisables ou &hellip;<\/p>\n","protected":false},"author":2,"featured_media":134,"parent":5,"menu_order":0,"comment_status":"closed","ping_status":"closed","template":"","meta":{"_acf_changed":false,"footnotes":""},"class_list":["post-177","page","type-page","status-publish","has-post-thumbnail","hentry"],"acf":[],"aioseo_notices":[],"_links":{"self":[{"href":"http:\/\/dps2i.com\/mobile\/wp-json\/wp\/v2\/pages\/177","targetHints":{"allow":["GET"]}}],"collection":[{"href":"http:\/\/dps2i.com\/mobile\/wp-json\/wp\/v2\/pages"}],"about":[{"href":"http:\/\/dps2i.com\/mobile\/wp-json\/wp\/v2\/types\/page"}],"author":[{"embeddable":true,"href":"http:\/\/dps2i.com\/mobile\/wp-json\/wp\/v2\/users\/2"}],"replies":[{"embeddable":true,"href":"http:\/\/dps2i.com\/mobile\/wp-json\/wp\/v2\/comments?post=177"}],"version-history":[{"count":5,"href":"http:\/\/dps2i.com\/mobile\/wp-json\/wp\/v2\/pages\/177\/revisions"}],"predecessor-version":[{"id":833,"href":"http:\/\/dps2i.com\/mobile\/wp-json\/wp\/v2\/pages\/177\/revisions\/833"}],"up":[{"embeddable":true,"href":"http:\/\/dps2i.com\/mobile\/wp-json\/wp\/v2\/pages\/5"}],"wp:featuredmedia":[{"embeddable":true,"href":"http:\/\/dps2i.com\/mobile\/wp-json\/wp\/v2\/media\/134"}],"wp:attachment":[{"href":"http:\/\/dps2i.com\/mobile\/wp-json\/wp\/v2\/media?parent=177"}],"curies":[{"name":"wp","href":"https:\/\/api.w.org\/{rel}","templated":true}]}}